{"id":4679,"date":"2021-10-05T20:15:24","date_gmt":"2021-10-05T20:15:24","guid":{"rendered":"https:\/\/hotelvictoria.pl\/special-events\/"},"modified":"2021-10-05T20:15:24","modified_gmt":"2021-10-05T20:15:24","slug":"special-events","status":"publish","type":"page","link":"https:\/\/hotelvictoria.pl\/en\/special-events\/","title":{"rendered":"Special Events"},"content":{"rendered":"<p>[et_pb_section fb_built=&#8221;1&#8243; _builder_version=&#8221;3.27.4&#8243; background_color=&#8221;#f9f9f9&#8243; custom_padding=&#8221;31px||31px||true|&#8221; global_colors_info=&#8221;{}&#8221;][et_pb_row _builder_version=&#8221;3.25&#8243; global_colors_info=&#8221;{}&#8221;][et_pb_column type=&#8221;4_4&#8243; _builder_version=&#8221;3.25&#8243; custom_padding=&#8221;|||&#8221; global_colors_info=&#8221;{}&#8221; custom_padding__hover=&#8221;|||&#8221;][et_pb_text _builder_version=&#8221;4.4.0&#8243; text_font=&#8221;Open Sans|300||on|||||&#8221; text_text_color=&#8221;#bca48c&#8221; text_letter_spacing=&#8221;10px&#8221; text_line_height=&#8221;1em&#8221; text_orientation=&#8221;center&#8221; custom_margin=&#8221;||10px&#8221; text_text_align=&#8221;center&#8221; global_colors_info=&#8221;{}&#8221;]<\/p>\n<p>Get to know our events<\/p>\n<p>[\/et_pb_text][et_pb_text _builder_version=&#8221;3.27.4&#8243; text_font=&#8221;Open Sans|300||on|||||&#8221; text_font_size=&#8221;24px&#8221; header_font=&#8221;||||||||&#8221; header_text_align=&#8221;center&#8221; header_2_font=&#8221;Cinzel||||||||&#8221; header_2_text_align=&#8221;center&#8221; header_2_text_color=&#8221;#002966&#8243; header_2_font_size=&#8221;40px&#8221; text_orientation=&#8221;right&#8221; custom_margin=&#8221;||10px|||&#8221; text_text_align=&#8221;right&#8221; global_colors_info=&#8221;{}&#8221;]<\/p>\n<h2>Special Events \u2013 Wejherowo, Bolszewo<\/h2>\n<p>[\/et_pb_text][et_pb_text _builder_version=&#8221;4.4.0&#8243; global_colors_info=&#8221;{}&#8221;]<\/p>\n<p>Hotel Victoria is an ideal place to celebrate First Holy Communion or Prom Dance. We invite guests from Bolszewo, Wejherowo and surroundings to consider hosting their events in our hotel. We offer a wide array of services and amenities, and our highly trained and professional staff will spare no effort to meet all expectations.  <\/p>\n<p>[\/et_pb_text][\/et_pb_column][\/et_pb_row][et_pb_row column_structure=&#8221;1_3,1_3,1_3&#8243; _builder_version=&#8221;3.25&#8243; global_colors_info=&#8221;{}&#8221;][et_pb_column type=&#8221;1_3&#8243; _builder_version=&#8221;3.25&#8243; custom_padding=&#8221;|||&#8221; global_colors_info=&#8221;{}&#8221; custom_padding__hover=&#8221;|||&#8221;][et_pb_image src=&#8221;https:\/\/hotelvictoria.pl\/wp-content\/uploads\/2019\/09\/komunia-min.jpg&#8221; _builder_version=&#8221;3.27.4&#8243; global_colors_info=&#8221;{}&#8221;][\/et_pb_image][et_pb_button button_url=&#8221;https:\/\/hotelvictoria.pl\/imprezy-okolicznosciowe\/komunia-swieta\/&#8221; button_text=&#8221;First Holy Communion&#8221; button_alignment=&#8221;center&#8221; _builder_version=&#8221;3.27.4&#8243; custom_button=&#8221;on&#8221; button_text_size=&#8221;18px&#8221; button_text_color=&#8221;#002563&#8243; button_border_width=&#8221;1px&#8221; button_border_color=&#8221;#002563&#8243; button_border_radius=&#8221;0px&#8221; button_font=&#8221;||||||||&#8221; button_use_icon=&#8221;off&#8221; custom_margin=&#8221;||&#8221; custom_padding=&#8221;||&#8221; global_colors_info=&#8221;{}&#8221;][\/et_pb_button][\/et_pb_column][et_pb_column type=&#8221;1_3&#8243; _builder_version=&#8221;3.25&#8243; custom_padding=&#8221;|||&#8221; global_colors_info=&#8221;{}&#8221; custom_padding__hover=&#8221;|||&#8221;][et_pb_image src=&#8221;https:\/\/hotelvictoria.pl\/wp-content\/uploads\/2019\/09\/studniowka-min.jpg&#8221; _builder_version=&#8221;3.27.4&#8243; global_colors_info=&#8221;{}&#8221;][\/et_pb_image][et_pb_button button_url=&#8221;https:\/\/hotelvictoria.pl\/imprezy-okolicznosciowe\/studniowka\/&#8221; button_text=&#8221;Prom dance&#8221; button_alignment=&#8221;center&#8221; _builder_version=&#8221;3.27.4&#8243; custom_button=&#8221;on&#8221; button_text_size=&#8221;18px&#8221; button_text_color=&#8221;#002563&#8243; button_border_width=&#8221;1px&#8221; button_border_color=&#8221;#002563&#8243; button_border_radius=&#8221;0px&#8221; button_font=&#8221;||||||||&#8221; button_use_icon=&#8221;off&#8221; custom_margin=&#8221;||&#8221; custom_padding=&#8221;||&#8221; global_colors_info=&#8221;{}&#8221;][\/et_pb_button][\/et_pb_column][et_pb_column type=&#8221;1_3&#8243; _builder_version=&#8221;3.25&#8243; custom_padding=&#8221;|||&#8221; global_colors_info=&#8221;{}&#8221; custom_padding__hover=&#8221;|||&#8221;][\/et_pb_column][\/et_pb_row][\/et_pb_section][et_pb_section fb_built=&#8221;1&#8243; _builder_version=&#8221;3.23.3&#8243; background_color=&#8221;#ffffff&#8221; custom_padding=&#8221;0px||0px||true|&#8221; global_module=&#8221;1955&#8243; saved_tabs=&#8221;all&#8221; global_colors_info=&#8221;{}&#8221;][et_pb_row column_structure=&#8221;3_5,2_5&#8243; disabled_on=&#8221;on|on|off&#8221; _builder_version=&#8221;3.25&#8243; custom_margin=&#8221;|auto|8px|auto||&#8221; custom_padding=&#8221;25px||0px||false|&#8221; global_colors_info=&#8221;{}&#8221;][et_pb_column type=&#8221;3_5&#8243; _builder_version=&#8221;3.25&#8243; custom_padding=&#8221;|||&#8221; global_colors_info=&#8221;{}&#8221; custom_padding__hover=&#8221;|||&#8221;][et_pb_text _builder_version=&#8221;3.23.3&#8243; text_font=&#8221;Open Sans|300||on|||||&#8221; text_text_color=&#8221;#bca48c&#8221; text_letter_spacing=&#8221;10px&#8221; text_line_height=&#8221;1em&#8221; custom_margin=&#8221;||10px&#8221; text_text_align=&#8221;left&#8221; global_colors_info=&#8221;{}&#8221;]<\/p>\n<p>Just nowe<\/p>\n<p>[\/et_pb_text][et_pb_text _builder_version=&#8221;3.27.4&#8243; text_font=&#8221;Open Sans|300||on|||||&#8221; text_font_size=&#8221;24px&#8221; header_font=&#8221;||||||||&#8221; header_text_align=&#8221;left&#8221; header_2_font=&#8221;Cinzel||||||||&#8221; header_2_text_align=&#8221;left&#8221; header_2_text_color=&#8221;#002966&#8243; header_2_font_size=&#8221;40px&#8221; text_orientation=&#8221;right&#8221; custom_margin=&#8221;||10px|||&#8221; text_text_align=&#8221;right&#8221; global_colors_info=&#8221;{}&#8221;]<\/p>\n<h2>Make a reservation<\/h2>\n<p>[\/et_pb_text][\/et_pb_column][et_pb_column type=&#8221;2_5&#8243; _builder_version=&#8221;3.25&#8243; custom_padding=&#8221;|||&#8221; global_colors_info=&#8221;{}&#8221; custom_padding__hover=&#8221;|||&#8221;][et_pb_button button_url=&#8221;https:\/\/hotelvictoria.pl\/rezerwacja\/&#8221; button_text=&#8221;Book your stay&#8221; button_alignment=&#8221;center&#8221; _builder_version=&#8221;3.27.4&#8243; custom_button=&#8221;on&#8221; button_text_size=&#8221;24px&#8221; button_text_color=&#8221;#002563&#8243; button_border_color=&#8221;#002563&#8243; button_border_radius=&#8221;0px&#8221; button_font=&#8221;||||||||&#8221; button_icon=&#8221;%%130%%&#8221; button_on_hover=&#8221;off&#8221; custom_margin=&#8221;||&#8221; custom_padding=&#8221;||&#8221; global_colors_info=&#8221;{}&#8221;][\/et_pb_button][\/et_pb_column][\/et_pb_row][\/et_pb_section][et_pb_section fb_built=&#8221;1&#8243; _builder_version=&#8221;4.4.0&#8243; global_colors_info=&#8221;{}&#8221;][et_pb_row _builder_version=&#8221;4.4.0&#8243; global_colors_info=&#8221;{}&#8221;][\/et_pb_row][\/et_pb_section]<\/p>\n","protected":false},"excerpt":{"rendered":"<p>Get to know our eventsSpecial Events \u2013 Wejherowo, BolszewoHotel Victoria is an ideal place to celebrate First Holy Communion or Prom Dance. We invite guests from Bolszewo, Wejherowo and surroundings to consider hosting their events in our hotel. We offer a wide array of services and amenities, and our highly trained and professional staff will [&hellip;]<\/p>\n","protected":false},"author":1,"featured_media":0,"parent":0,"menu_order":0,"comment_status":"closed","ping_status":"closed","template":"","meta":{"_et_pb_use_builder":"on","_et_pb_old_content":"","_et_gb_content_width":"","footnotes":""},"class_list":["post-4679","page","type-page","status-publish","placeholder-for-hentry"],"yoast_head":"<!-- This site is optimized with the Yoast SEO plugin v24.0 - https:\/\/yoast.com\/wordpress\/plugins\/seo\/ -->\n<title>Imprezy okoliczno\u015bciowe Wejherowo, Bolszewo | Hotel Victoria<\/title>\n<meta name=\"description\" content=\"W Hotelu Victoria organizujemy imprezy okoliczno\u015bciowe. Oferujemy aran\u017cacj\u0119 i pe\u0142n\u0105 obs\u0142ug\u0119 na okoliczno\u015bci takie jak I Komunia \u015awi\u0119ta, Studni\u00f3wki oraz Wesela.\" \/>\n<meta name=\"robots\" content=\"index, follow, max-snippet:-1, max-image-preview:large, max-video-preview:-1\" \/>\n<link rel=\"canonical\" href=\"https:\/\/hotelvictoria.pl\/en\/special-events\/\" \/>\n<meta property=\"og:locale\" content=\"en_US\" \/>\n<meta property=\"og:type\" content=\"article\" \/>\n<meta property=\"og:title\" content=\"Imprezy okoliczno\u015bciowe Wejherowo, Bolszewo | Hotel Victoria\" \/>\n<meta property=\"og:description\" content=\"W Hotelu Victoria organizujemy imprezy okoliczno\u015bciowe. Oferujemy aran\u017cacj\u0119 i pe\u0142n\u0105 obs\u0142ug\u0119 na okoliczno\u015bci takie jak I Komunia \u015awi\u0119ta, Studni\u00f3wki oraz Wesela.\" \/>\n<meta property=\"og:url\" content=\"https:\/\/hotelvictoria.pl\/en\/special-events\/\" \/>\n<meta property=\"og:site_name\" content=\"Hotel Victoria Bolszewo, Wejherowo\" \/>\n<meta name=\"twitter:card\" content=\"summary_large_image\" \/>\n<meta name=\"twitter:label1\" content=\"Est. reading time\" \/>\n\t<meta name=\"twitter:data1\" content=\"3 minutes\" \/>\n<script type=\"application\/ld+json\" class=\"yoast-schema-graph\">{\"@context\":\"https:\/\/schema.org\",\"@graph\":[{\"@type\":\"WebPage\",\"@id\":\"https:\/\/hotelvictoria.pl\/en\/special-events\/\",\"url\":\"https:\/\/hotelvictoria.pl\/en\/special-events\/\",\"name\":\"Imprezy okoliczno\u015bciowe Wejherowo, Bolszewo | Hotel Victoria\",\"isPartOf\":{\"@id\":\"https:\/\/hotelvictoria.pl\/#website\"},\"datePublished\":\"2021-10-05T20:15:24+00:00\",\"dateModified\":\"2021-10-05T20:15:24+00:00\",\"description\":\"W Hotelu Victoria organizujemy imprezy okoliczno\u015bciowe. Oferujemy aran\u017cacj\u0119 i pe\u0142n\u0105 obs\u0142ug\u0119 na okoliczno\u015bci takie jak I Komunia \u015awi\u0119ta, Studni\u00f3wki oraz Wesela.\",\"breadcrumb\":{\"@id\":\"https:\/\/hotelvictoria.pl\/en\/special-events\/#breadcrumb\"},\"inLanguage\":\"en-US\",\"potentialAction\":[{\"@type\":\"ReadAction\",\"target\":[\"https:\/\/hotelvictoria.pl\/en\/special-events\/\"]}]},{\"@type\":\"BreadcrumbList\",\"@id\":\"https:\/\/hotelvictoria.pl\/en\/special-events\/#breadcrumb\",\"itemListElement\":[{\"@type\":\"ListItem\",\"position\":1,\"name\":\"Strona g\u0142\u00f3wna\",\"item\":\"https:\/\/hotelvictoria.pl\/\"},{\"@type\":\"ListItem\",\"position\":2,\"name\":\"Special Events\"}]},{\"@type\":\"WebSite\",\"@id\":\"https:\/\/hotelvictoria.pl\/#website\",\"url\":\"https:\/\/hotelvictoria.pl\/\",\"name\":\"Hotel Victoria Bolszewo, Wejherowo\",\"description\":\"Kolejna witryna WordPress\",\"potentialAction\":[{\"@type\":\"SearchAction\",\"target\":{\"@type\":\"EntryPoint\",\"urlTemplate\":\"https:\/\/hotelvictoria.pl\/?s={search_term_string}\"},\"query-input\":{\"@type\":\"PropertyValueSpecification\",\"valueRequired\":true,\"valueName\":\"search_term_string\"}}],\"inLanguage\":\"en-US\"}]}<\/script>\n<!-- \/ Yoast SEO plugin. -->","yoast_head_json":{"title":"Imprezy okoliczno\u015bciowe Wejherowo, Bolszewo | Hotel Victoria","description":"W Hotelu Victoria organizujemy imprezy okoliczno\u015bciowe. Oferujemy aran\u017cacj\u0119 i pe\u0142n\u0105 obs\u0142ug\u0119 na okoliczno\u015bci takie jak I Komunia \u015awi\u0119ta, Studni\u00f3wki oraz Wesela.","robots":{"index":"index","follow":"follow","max-snippet":"max-snippet:-1","max-image-preview":"max-image-preview:large","max-video-preview":"max-video-preview:-1"},"canonical":"https:\/\/hotelvictoria.pl\/en\/special-events\/","og_locale":"en_US","og_type":"article","og_title":"Imprezy okoliczno\u015bciowe Wejherowo, Bolszewo | Hotel Victoria","og_description":"W Hotelu Victoria organizujemy imprezy okoliczno\u015bciowe. Oferujemy aran\u017cacj\u0119 i pe\u0142n\u0105 obs\u0142ug\u0119 na okoliczno\u015bci takie jak I Komunia \u015awi\u0119ta, Studni\u00f3wki oraz Wesela.","og_url":"https:\/\/hotelvictoria.pl\/en\/special-events\/","og_site_name":"Hotel Victoria Bolszewo, Wejherowo","twitter_card":"summary_large_image","twitter_misc":{"Est. reading time":"3 minutes"},"schema":{"@context":"https:\/\/schema.org","@graph":[{"@type":"WebPage","@id":"https:\/\/hotelvictoria.pl\/en\/special-events\/","url":"https:\/\/hotelvictoria.pl\/en\/special-events\/","name":"Imprezy okoliczno\u015bciowe Wejherowo, Bolszewo | Hotel Victoria","isPartOf":{"@id":"https:\/\/hotelvictoria.pl\/#website"},"datePublished":"2021-10-05T20:15:24+00:00","dateModified":"2021-10-05T20:15:24+00:00","description":"W Hotelu Victoria organizujemy imprezy okoliczno\u015bciowe. Oferujemy aran\u017cacj\u0119 i pe\u0142n\u0105 obs\u0142ug\u0119 na okoliczno\u015bci takie jak I Komunia \u015awi\u0119ta, Studni\u00f3wki oraz Wesela.","breadcrumb":{"@id":"https:\/\/hotelvictoria.pl\/en\/special-events\/#breadcrumb"},"inLanguage":"en-US","potentialAction":[{"@type":"ReadAction","target":["https:\/\/hotelvictoria.pl\/en\/special-events\/"]}]},{"@type":"BreadcrumbList","@id":"https:\/\/hotelvictoria.pl\/en\/special-events\/#breadcrumb","itemListElement":[{"@type":"ListItem","position":1,"name":"Strona g\u0142\u00f3wna","item":"https:\/\/hotelvictoria.pl\/"},{"@type":"ListItem","position":2,"name":"Special Events"}]},{"@type":"WebSite","@id":"https:\/\/hotelvictoria.pl\/#website","url":"https:\/\/hotelvictoria.pl\/","name":"Hotel Victoria Bolszewo, Wejherowo","description":"Kolejna witryna WordPress","potentialAction":[{"@type":"SearchAction","target":{"@type":"EntryPoint","urlTemplate":"https:\/\/hotelvictoria.pl\/?s={search_term_string}"},"query-input":{"@type":"PropertyValueSpecification","valueRequired":true,"valueName":"search_term_string"}}],"inLanguage":"en-US"}]}},"_links":{"self":[{"href":"https:\/\/hotelvictoria.pl\/en\/wp-json\/wp\/v2\/pages\/4679","targetHints":{"allow":["GET"]}}],"collection":[{"href":"https:\/\/hotelvictoria.pl\/en\/wp-json\/wp\/v2\/pages"}],"about":[{"href":"https:\/\/hotelvictoria.pl\/en\/wp-json\/wp\/v2\/types\/page"}],"author":[{"embeddable":true,"href":"https:\/\/hotelvictoria.pl\/en\/wp-json\/wp\/v2\/users\/1"}],"replies":[{"embeddable":true,"href":"https:\/\/hotelvictoria.pl\/en\/wp-json\/wp\/v2\/comments?post=4679"}],"version-history":[{"count":2,"href":"https:\/\/hotelvictoria.pl\/en\/wp-json\/wp\/v2\/pages\/4679\/revisions"}],"predecessor-version":[{"id":4681,"href":"https:\/\/hotelvictoria.pl\/en\/wp-json\/wp\/v2\/pages\/4679\/revisions\/4681"}],"wp:attachment":[{"href":"https:\/\/hotelvictoria.pl\/en\/wp-json\/wp\/v2\/media?parent=4679"}],"curies":[{"name":"wp","href":"https:\/\/api.w.org\/{rel}","templated":true}]}}