{"id":4642,"date":"2021-10-05T18:54:56","date_gmt":"2021-10-05T18:54:56","guid":{"rendered":"https:\/\/hotelvictoria.pl\/meeting-rooms\/"},"modified":"2021-10-06T12:34:40","modified_gmt":"2021-10-06T12:34:40","slug":"meeting-rooms","status":"publish","type":"page","link":"https:\/\/hotelvictoria.pl\/en\/meeting-rooms\/","title":{"rendered":"Meeting rooms"},"content":{"rendered":"<p>[et_pb_section fb_built=&#8221;1&#8243; disabled_on=&#8221;on|on|off&#8221; _builder_version=&#8221;3.23.3&#8243; background_color_gradient_direction=&#8221;90deg&#8221; background_image=&#8221;https:\/\/hotelvictoria.pl\/wp-content\/uploads\/2019\/06\/konf-slide.jpg&#8221; custom_padding=&#8221;260px||260px||true|&#8221;][et_pb_row _builder_version=&#8221;4.4.0&#8243;][\/et_pb_row][\/et_pb_section][et_pb_section fb_built=&#8221;1&#8243; disabled_on=&#8221;on|on|off&#8221; _builder_version=&#8221;3.23.3&#8243; custom_padding=&#8221;50px||50px||true|&#8221;][et_pb_row _builder_version=&#8221;3.25&#8243;][et_pb_column type=&#8221;4_4&#8243; _builder_version=&#8221;3.25&#8243; custom_padding=&#8221;|||&#8221; custom_padding__hover=&#8221;|||&#8221;][et_pb_text _builder_version=&#8221;3.27.4&#8243; text_font=&#8221;Open Sans|300||on|||||&#8221; text_text_color=&#8221;#bca48c&#8221; text_letter_spacing=&#8221;10px&#8221; text_line_height=&#8221;1em&#8221; text_orientation=&#8221;center&#8221; custom_margin=&#8221;||10px&#8221; text_text_align=&#8221;center&#8221;]<\/p>\n<p>Modern and functional<\/p>\n<p>[\/et_pb_text][et_pb_text _builder_version=&#8221;3.27.4&#8243; text_font=&#8221;Open Sans|300||on|||||&#8221; text_font_size=&#8221;24px&#8221; header_font=&#8221;||||||||&#8221; header_2_font=&#8221;Cinzel||||||||&#8221; header_2_text_align=&#8221;center&#8221; header_2_text_color=&#8221;#002966&#8243; header_2_font_size=&#8221;46px&#8221; text_orientation=&#8221;right&#8221; text_text_align=&#8221;right&#8221;]<\/p>\n<h2>Meeting rooms in Bolszewo<\/h2>\n<p>[\/et_pb_text][et_pb_text _builder_version=&#8221;4.4.0&#8243; text_font=&#8221;Titillium Web||||||||&#8221; text_orientation=&#8221;justify&#8221; custom_margin=&#8221;-20px||&#8221; text_text_align=&#8221;justify&#8221;]<\/p>\n<p>Hotel Victoria is an ideal place to organize a business meeting, a social event or a conference. Our fully equipped and serviced\u00a0 meeting rooms can accommodate up to 300 participants.<\/p>\n<p class=\"Textbody\">During an event, our professional staff will provide services on a highest level. On the premises, guests can take advantage of many attractions like <a href=\"https:\/\/hotelvictoria.pl\/en\/aquapark\/\" title=\"Basen Bolszewo\">Aquapark<\/a> or <a href=\"https:\/\/hotelvictoria.pl\/en\/bowling-cafe\/\" title=\"Bilard Wejherowo\">Bowling Cafe<\/a>. The location of our hotel in the peaceful <a href=\"https:\/\/hotelvictoria.pl\/en\/kashubia\/\" title=\"Hotel z basenem kaszuby\">Kashubian region<\/a> provides for many local attractions and the escape from the city&#8217;s hustle and bustle.<\/p>\n<p>[\/et_pb_text][\/et_pb_column][\/et_pb_row][\/et_pb_section][et_pb_section fb_built=&#8221;1&#8243; disabled_on=&#8221;off|off|on&#8221; _builder_version=&#8221;3.27.4&#8243; background_enable_color=&#8221;off&#8221; background_color_gradient_direction=&#8221;90deg&#8221; background_image=&#8221;https:\/\/hotelvictoria.pl\/wp-content\/uploads\/2019\/06\/konf-slide.jpg&#8221; custom_padding=&#8221;110px||110px||true|&#8221;][\/et_pb_section][et_pb_section fb_built=&#8221;1&#8243; disabled_on=&#8221;off|off|on&#8221; _builder_version=&#8221;3.23.3&#8243; custom_padding=&#8221;50px||50px||true|&#8221;][et_pb_row _builder_version=&#8221;3.25&#8243;][et_pb_column type=&#8221;4_4&#8243; _builder_version=&#8221;3.25&#8243; custom_padding=&#8221;|||&#8221; custom_padding__hover=&#8221;|||&#8221;][et_pb_text _builder_version=&#8221;3.27.4&#8243; text_font=&#8221;Open Sans|300||on|||||&#8221; text_text_color=&#8221;#bca48c&#8221; text_letter_spacing=&#8221;10px&#8221; text_line_height=&#8221;1em&#8221; text_orientation=&#8221;center&#8221; custom_margin=&#8221;||10px&#8221; text_text_align=&#8221;center&#8221;]<\/p>\n<p>Modern and functional<\/p>\n<p>[\/et_pb_text][et_pb_text _builder_version=&#8221;3.27.4&#8243; text_font=&#8221;Open Sans|300||on|||||&#8221; text_font_size=&#8221;24px&#8221; header_font=&#8221;||||||||&#8221; header_2_font=&#8221;Cinzel||||||||&#8221; header_2_text_align=&#8221;center&#8221; header_2_text_color=&#8221;#002966&#8243; header_2_font_size=&#8221;30px&#8221; text_orientation=&#8221;right&#8221; header_2_font_tablet=&#8221;&#8221; header_2_font_phone=&#8221;&#8221; header_2_font_last_edited=&#8221;on|phone&#8221; text_text_align=&#8221;right&#8221;]<\/p>\n<h2>Meeting rooms in Bolszewo<\/h2>\n<p>[\/et_pb_text][et_pb_text _builder_version=&#8221;3.27.4&#8243; text_font=&#8221;Titillium Web||||||||&#8221; text_orientation=&#8221;justify&#8221; custom_margin=&#8221;-20px||&#8221; text_text_align=&#8221;justify&#8221;]<\/p>\n<p>Hotel Victoria is an ideal place to organize a business meeting, a social event or a conference. Our fully equipped and serviced\u00a0 meeting rooms can accommodate up to 300 participants.<\/p>\n<p class=\"Textbody\">During an event, our professional staff will provide services on a highest level. On the premises, guests can take advantage of many attractions like <a href=\"https:\/\/hotelvictoria.pl\/en\/aquapark\/\" title=\"Basen Bolszewo\">Aquapark<\/a> or <a href=\"https:\/\/hotelvictoria.pl\/en\/bowling-cafe\/\" title=\"Bilard Wejherowo\">Bowling Cafe<\/a>. The location of our hotel in the peaceful <a href=\"https:\/\/hotelvictoria.pl\/en\/kashubia\/\" title=\"Hotel z basenem kaszuby\">Kashubian region<\/a> provides for many local attractions and the escape from the city&#8217;s hustle and bustle.<\/p>\n<p>[\/et_pb_text][\/et_pb_column][\/et_pb_row][\/et_pb_section][et_pb_section fb_built=&#8221;1&#8243; _builder_version=&#8221;3.23.3&#8243; background_color=&#8221;#f9f9f9&#8243; custom_padding=&#8221;31px||31px||true|&#8221;][et_pb_row _builder_version=&#8221;3.25&#8243; custom_padding=&#8221;||0px|||&#8221;][et_pb_column type=&#8221;4_4&#8243; _builder_version=&#8221;3.25&#8243; custom_padding=&#8221;|||&#8221; custom_padding__hover=&#8221;|||&#8221;][et_pb_text _builder_version=&#8221;3.27.4&#8243; text_font=&#8221;Open Sans|300||on|||||&#8221; text_text_color=&#8221;#bca48c&#8221; text_letter_spacing=&#8221;10px&#8221; text_line_height=&#8221;1em&#8221; text_orientation=&#8221;center&#8221; custom_margin=&#8221;||10px&#8221; text_text_align=&#8221;center&#8221;]<\/p>\n<p>Take a look at our<\/p>\n<p>[\/et_pb_text][et_pb_text _builder_version=&#8221;4.4.0&#8243; text_font=&#8221;Open Sans|300||on|||||&#8221; text_font_size=&#8221;24px&#8221; header_font=&#8221;||||||||&#8221; header_text_align=&#8221;center&#8221; header_2_font=&#8221;Cinzel||||||||&#8221; header_2_text_align=&#8221;center&#8221; header_2_text_color=&#8221;#002966&#8243; header_2_font_size=&#8221;30px&#8221; text_orientation=&#8221;right&#8221; custom_margin=&#8221;||10px|||&#8221; text_text_align=&#8221;right&#8221;]<\/p>\n<h2>Meeting Rooms \u2013 Wejherowo, Bolszewo<\/h2>\n<p>[\/et_pb_text][\/et_pb_column][\/et_pb_row][et_pb_row use_custom_gutter=&#8221;on&#8221; gutter_width=&#8221;2&#8243; _builder_version=&#8221;3.25&#8243;][et_pb_column type=&#8221;4_4&#8243; _builder_version=&#8221;3.25&#8243; custom_padding=&#8221;|||&#8221; custom_padding__hover=&#8221;|||&#8221;][et_pb_text _builder_version=&#8221;3.23.3&#8243; text_font=&#8221;Titillium Web||||||||&#8221; text_font_size=&#8221;18px&#8221; header_font=&#8221;||||||||&#8221; header_2_font=&#8221;Cinzel||||||||&#8221; custom_margin=&#8221;||&#8221; text_text_align=&#8221;left&#8221;]<\/p>\n<p>We look forward to collaborate with conference, business and training organizers, who seek meeting rooms in the vicinity of Tri-city and value hospitality and quality service along with high standard of the hotel.<\/p>\n<h2>LOCATION<\/h2>\n<p>Should you consider the Tri-city area too noisy, and it&#8217;s attractions too distracting, we sincerely invite you to acquaint yourself with our offer. The quiet location of Hotel Victoria ensures a peaceful course of your event, yet allows a quick access to the city center. Hotel Victoria is a perfect place for a conference in the Kashubian region.<\/p>\n<h2>MEETING ROOMS<\/h2>\n<p>There are 6 meeting rooms equipped with modern A\/V technology, with the capacity ranging from 20 to 300. The multifunctional and spacious rooms can be fitted to your event&#8217;s needs and expectations.<\/p>\n<p><strong>Meeting rooms equipment:<\/strong><\/p>\n<ul>\n<li>multimedia projector<\/li>\n<li>sound system<\/li>\n<li>internet access<\/li>\n<li>air-conditioning<\/li>\n<li>dimming lights<\/li>\n<li>day-light access<\/li>\n<li>materials for note taking<\/li>\n<li>screen<\/li>\n<li>flipchart<\/li>\n<\/ul>\n<p><strong>Additional amenities:<\/strong><\/p>\n<ul>\n<li>full meals during the conference\/trainings<\/li>\n<li>access to Hotel&#8217;s Aquapark and Bowling Cafe<\/li>\n<li>themed events in the hotel or nearby surroundings<\/li>\n<\/ul>\n<p><strong>Attractions nearby our Hotel:<\/strong><\/p>\n<ul>\n<li>paintball<\/li>\n<li>ATVs<\/li>\n<li>shooting range<\/li>\n<li>water zorbing, speedboats<\/li>\n<\/ul>\n<p>Should you have any questions or queries regarding our meeting rooms offer, kindly contact us by calling or sending a message.<\/p>\n<p><strong>tel: 601 344 365, marketing@hotelvictoria.pl<\/strong><br \/><strong> tel: 609 545 658, gastronomia@hotelvictoria.pl<\/strong><\/p>\n<p>[\/et_pb_text][\/et_pb_column][\/et_pb_row][\/et_pb_section][et_pb_section fb_built=&#8221;1&#8243; _builder_version=&#8221;3.23.3&#8243; background_color=&#8221;#ffffff&#8221; custom_padding=&#8221;0px||0px||true|&#8221; global_module=&#8221;1955&#8243; saved_tabs=&#8221;all&#8221;][et_pb_row column_structure=&#8221;3_5,2_5&#8243; disabled_on=&#8221;on|on|off&#8221; _builder_version=&#8221;3.25&#8243; custom_margin=&#8221;|auto|8px|auto||&#8221; custom_padding=&#8221;25px||0px||false|&#8221;][et_pb_column type=&#8221;3_5&#8243; _builder_version=&#8221;3.25&#8243; custom_padding=&#8221;|||&#8221; custom_padding__hover=&#8221;|||&#8221;][et_pb_text _builder_version=&#8221;3.23.3&#8243; text_font=&#8221;Open Sans|300||on|||||&#8221; text_text_color=&#8221;#bca48c&#8221; text_letter_spacing=&#8221;10px&#8221; text_line_height=&#8221;1em&#8221; custom_margin=&#8221;||10px&#8221; text_text_align=&#8221;left&#8221;]<\/p>\n<p>Just now<\/p>\n<p>[\/et_pb_text][et_pb_text _builder_version=&#8221;3.27.4&#8243; text_font=&#8221;Open Sans|300||on|||||&#8221; text_font_size=&#8221;24px&#8221; header_font=&#8221;||||||||&#8221; header_text_align=&#8221;left&#8221; header_2_font=&#8221;Cinzel||||||||&#8221; header_2_text_align=&#8221;left&#8221; header_2_text_color=&#8221;#002966&#8243; header_2_font_size=&#8221;40px&#8221; text_orientation=&#8221;right&#8221; custom_margin=&#8221;||10px|||&#8221; text_text_align=&#8221;right&#8221;]<\/p>\n<h2>Make a reservation<\/h2>\n<p>[\/et_pb_text][\/et_pb_column][et_pb_column type=&#8221;2_5&#8243; _builder_version=&#8221;3.25&#8243; custom_padding=&#8221;|||&#8221; custom_padding__hover=&#8221;|||&#8221;][et_pb_button button_url=&#8221;https:\/\/hotelvictoria.pl\/rezerwacja\/&#8221; button_text=&#8221;Book your stay&#8221; button_alignment=&#8221;center&#8221; _builder_version=&#8221;3.27.4&#8243; custom_button=&#8221;on&#8221; button_text_size=&#8221;24px&#8221; button_text_color=&#8221;#002563&#8243; button_border_color=&#8221;#002563&#8243; button_border_radius=&#8221;0px&#8221; button_font=&#8221;||||||||&#8221; button_icon=&#8221;%%130%%&#8221; button_on_hover=&#8221;off&#8221; custom_margin=&#8221;||&#8221; custom_padding=&#8221;||&#8221;][\/et_pb_button][\/et_pb_column][\/et_pb_row][\/et_pb_section]<\/p>\n","protected":false},"excerpt":{"rendered":"<p>Modern and functionalMeeting rooms in BolszewoHotel Victoria is an ideal place to organize a business meeting, a social event or a conference. Our fully equipped and serviced\u00a0 meeting rooms can accommodate up to 300 participants. During an event, our professional staff will provide services on a highest level. On the premises, guests can take advantage [&hellip;]<\/p>\n","protected":false},"author":1,"featured_media":0,"parent":0,"menu_order":0,"comment_status":"closed","ping_status":"closed","template":"","meta":{"_et_pb_use_builder":"on","_et_pb_old_content":"","_et_gb_content_width":"","footnotes":""},"class_list":["post-4642","page","type-page","status-publish","placeholder-for-hentry"],"yoast_head":"<!-- This site is optimized with the Yoast SEO plugin v24.0 - https:\/\/yoast.com\/wordpress\/plugins\/seo\/ -->\n<title>Konferencje, sale konferencyjne i na szkolenia Wejherowo, Bolszewo, Tr\u00f3jmiasto | Hotel Victoria<\/title>\n<meta name=\"description\" content=\"Szukasz sali konferencyjnej na Kaszubach, w okolicy Wejherowa i Bolszewa? Hotel Victoria to miejsce, gdzie przeprowadzisz konferencj\u0119 na jednej z naszych kompleksowo wyposa\u017conych sal. Nasz personel do\u0142o\u017cy wszelkich stara\u0144, \u017ceby sprosta\u0107 Pa\u0144stwa wymaganiom.\" \/>\n<meta name=\"robots\" content=\"index, follow, max-snippet:-1, max-image-preview:large, max-video-preview:-1\" \/>\n<link rel=\"canonical\" href=\"https:\/\/hotelvictoria.pl\/en\/meeting-rooms\/\" \/>\n<meta property=\"og:locale\" content=\"en_US\" \/>\n<meta property=\"og:type\" content=\"article\" \/>\n<meta property=\"og:title\" content=\"Konferencje, sale konferencyjne i na szkolenia Wejherowo, Bolszewo, Tr\u00f3jmiasto | Hotel Victoria\" \/>\n<meta property=\"og:description\" content=\"Szukasz sali konferencyjnej na Kaszubach, w okolicy Wejherowa i Bolszewa? Hotel Victoria to miejsce, gdzie przeprowadzisz konferencj\u0119 na jednej z naszych kompleksowo wyposa\u017conych sal. Nasz personel do\u0142o\u017cy wszelkich stara\u0144, \u017ceby sprosta\u0107 Pa\u0144stwa wymaganiom.\" \/>\n<meta property=\"og:url\" content=\"https:\/\/hotelvictoria.pl\/en\/meeting-rooms\/\" \/>\n<meta property=\"og:site_name\" content=\"Hotel Victoria Bolszewo, Wejherowo\" \/>\n<meta property=\"article:modified_time\" content=\"2021-10-06T12:34:40+00:00\" \/>\n<meta name=\"twitter:card\" content=\"summary_large_image\" \/>\n<meta name=\"twitter:label1\" content=\"Est. reading time\" \/>\n\t<meta name=\"twitter:data1\" content=\"6 minutes\" \/>\n<script type=\"application\/ld+json\" class=\"yoast-schema-graph\">{\"@context\":\"https:\/\/schema.org\",\"@graph\":[{\"@type\":\"WebPage\",\"@id\":\"https:\/\/hotelvictoria.pl\/en\/meeting-rooms\/\",\"url\":\"https:\/\/hotelvictoria.pl\/en\/meeting-rooms\/\",\"name\":\"Konferencje, sale konferencyjne i na szkolenia Wejherowo, Bolszewo, Tr\u00f3jmiasto | Hotel Victoria\",\"isPartOf\":{\"@id\":\"https:\/\/hotelvictoria.pl\/#website\"},\"datePublished\":\"2021-10-05T18:54:56+00:00\",\"dateModified\":\"2021-10-06T12:34:40+00:00\",\"description\":\"Szukasz sali konferencyjnej na Kaszubach, w okolicy Wejherowa i Bolszewa? Hotel Victoria to miejsce, gdzie przeprowadzisz konferencj\u0119 na jednej z naszych kompleksowo wyposa\u017conych sal. Nasz personel do\u0142o\u017cy wszelkich stara\u0144, \u017ceby sprosta\u0107 Pa\u0144stwa wymaganiom.\",\"breadcrumb\":{\"@id\":\"https:\/\/hotelvictoria.pl\/en\/meeting-rooms\/#breadcrumb\"},\"inLanguage\":\"en-US\",\"potentialAction\":[{\"@type\":\"ReadAction\",\"target\":[\"https:\/\/hotelvictoria.pl\/en\/meeting-rooms\/\"]}]},{\"@type\":\"BreadcrumbList\",\"@id\":\"https:\/\/hotelvictoria.pl\/en\/meeting-rooms\/#breadcrumb\",\"itemListElement\":[{\"@type\":\"ListItem\",\"position\":1,\"name\":\"Strona g\u0142\u00f3wna\",\"item\":\"https:\/\/hotelvictoria.pl\/\"},{\"@type\":\"ListItem\",\"position\":2,\"name\":\"Meeting rooms\"}]},{\"@type\":\"WebSite\",\"@id\":\"https:\/\/hotelvictoria.pl\/#website\",\"url\":\"https:\/\/hotelvictoria.pl\/\",\"name\":\"Hotel Victoria Bolszewo, Wejherowo\",\"description\":\"Kolejna witryna WordPress\",\"potentialAction\":[{\"@type\":\"SearchAction\",\"target\":{\"@type\":\"EntryPoint\",\"urlTemplate\":\"https:\/\/hotelvictoria.pl\/?s={search_term_string}\"},\"query-input\":{\"@type\":\"PropertyValueSpecification\",\"valueRequired\":true,\"valueName\":\"search_term_string\"}}],\"inLanguage\":\"en-US\"}]}<\/script>\n<!-- \/ Yoast SEO plugin. -->","yoast_head_json":{"title":"Konferencje, sale konferencyjne i na szkolenia Wejherowo, Bolszewo, Tr\u00f3jmiasto | Hotel Victoria","description":"Szukasz sali konferencyjnej na Kaszubach, w okolicy Wejherowa i Bolszewa? Hotel Victoria to miejsce, gdzie przeprowadzisz konferencj\u0119 na jednej z naszych kompleksowo wyposa\u017conych sal. Nasz personel do\u0142o\u017cy wszelkich stara\u0144, \u017ceby sprosta\u0107 Pa\u0144stwa wymaganiom.","robots":{"index":"index","follow":"follow","max-snippet":"max-snippet:-1","max-image-preview":"max-image-preview:large","max-video-preview":"max-video-preview:-1"},"canonical":"https:\/\/hotelvictoria.pl\/en\/meeting-rooms\/","og_locale":"en_US","og_type":"article","og_title":"Konferencje, sale konferencyjne i na szkolenia Wejherowo, Bolszewo, Tr\u00f3jmiasto | Hotel Victoria","og_description":"Szukasz sali konferencyjnej na Kaszubach, w okolicy Wejherowa i Bolszewa? Hotel Victoria to miejsce, gdzie przeprowadzisz konferencj\u0119 na jednej z naszych kompleksowo wyposa\u017conych sal. Nasz personel do\u0142o\u017cy wszelkich stara\u0144, \u017ceby sprosta\u0107 Pa\u0144stwa wymaganiom.","og_url":"https:\/\/hotelvictoria.pl\/en\/meeting-rooms\/","og_site_name":"Hotel Victoria Bolszewo, Wejherowo","article_modified_time":"2021-10-06T12:34:40+00:00","twitter_card":"summary_large_image","twitter_misc":{"Est. reading time":"6 minutes"},"schema":{"@context":"https:\/\/schema.org","@graph":[{"@type":"WebPage","@id":"https:\/\/hotelvictoria.pl\/en\/meeting-rooms\/","url":"https:\/\/hotelvictoria.pl\/en\/meeting-rooms\/","name":"Konferencje, sale konferencyjne i na szkolenia Wejherowo, Bolszewo, Tr\u00f3jmiasto | Hotel Victoria","isPartOf":{"@id":"https:\/\/hotelvictoria.pl\/#website"},"datePublished":"2021-10-05T18:54:56+00:00","dateModified":"2021-10-06T12:34:40+00:00","description":"Szukasz sali konferencyjnej na Kaszubach, w okolicy Wejherowa i Bolszewa? Hotel Victoria to miejsce, gdzie przeprowadzisz konferencj\u0119 na jednej z naszych kompleksowo wyposa\u017conych sal. Nasz personel do\u0142o\u017cy wszelkich stara\u0144, \u017ceby sprosta\u0107 Pa\u0144stwa wymaganiom.","breadcrumb":{"@id":"https:\/\/hotelvictoria.pl\/en\/meeting-rooms\/#breadcrumb"},"inLanguage":"en-US","potentialAction":[{"@type":"ReadAction","target":["https:\/\/hotelvictoria.pl\/en\/meeting-rooms\/"]}]},{"@type":"BreadcrumbList","@id":"https:\/\/hotelvictoria.pl\/en\/meeting-rooms\/#breadcrumb","itemListElement":[{"@type":"ListItem","position":1,"name":"Strona g\u0142\u00f3wna","item":"https:\/\/hotelvictoria.pl\/"},{"@type":"ListItem","position":2,"name":"Meeting rooms"}]},{"@type":"WebSite","@id":"https:\/\/hotelvictoria.pl\/#website","url":"https:\/\/hotelvictoria.pl\/","name":"Hotel Victoria Bolszewo, Wejherowo","description":"Kolejna witryna WordPress","potentialAction":[{"@type":"SearchAction","target":{"@type":"EntryPoint","urlTemplate":"https:\/\/hotelvictoria.pl\/?s={search_term_string}"},"query-input":{"@type":"PropertyValueSpecification","valueRequired":true,"valueName":"search_term_string"}}],"inLanguage":"en-US"}]}},"_links":{"self":[{"href":"https:\/\/hotelvictoria.pl\/en\/wp-json\/wp\/v2\/pages\/4642","targetHints":{"allow":["GET"]}}],"collection":[{"href":"https:\/\/hotelvictoria.pl\/en\/wp-json\/wp\/v2\/pages"}],"about":[{"href":"https:\/\/hotelvictoria.pl\/en\/wp-json\/wp\/v2\/types\/page"}],"author":[{"embeddable":true,"href":"https:\/\/hotelvictoria.pl\/en\/wp-json\/wp\/v2\/users\/1"}],"replies":[{"embeddable":true,"href":"https:\/\/hotelvictoria.pl\/en\/wp-json\/wp\/v2\/comments?post=4642"}],"version-history":[{"count":8,"href":"https:\/\/hotelvictoria.pl\/en\/wp-json\/wp\/v2\/pages\/4642\/revisions"}],"predecessor-version":[{"id":4875,"href":"https:\/\/hotelvictoria.pl\/en\/wp-json\/wp\/v2\/pages\/4642\/revisions\/4875"}],"wp:attachment":[{"href":"https:\/\/hotelvictoria.pl\/en\/wp-json\/wp\/v2\/media?parent=4642"}],"curies":[{"name":"wp","href":"https:\/\/api.w.org\/{rel}","templated":true}]}}