{"id":4526,"date":"2021-09-29T21:58:48","date_gmt":"2021-09-29T21:58:48","guid":{"rendered":"https:\/\/hotelvictoria.pl\/?page_id=4526"},"modified":"2026-04-03T14:34:18","modified_gmt":"2026-04-03T14:34:18","slug":"spa-and-wellness","status":"publish","type":"page","link":"https:\/\/hotelvictoria.pl\/en\/spa-and-wellness\/","title":{"rendered":"Spa and wellness"},"content":{"rendered":"<p>[et_pb_section fb_built=&#8221;1&#8243; disabled_on=&#8221;on|on|off&#8221; _builder_version=&#8221;4.16&#8243; background_color_gradient_direction=&#8221;90deg&#8221; background_image=&#8221;https:\/\/hotelvictoria.pl\/wp-content\/uploads\/2019\/08\/spa-wellness-slide-desktop.jpg&#8221; background_size=&#8221;initial&#8221; custom_padding=&#8221;260px||260px||true|&#8221; global_colors_info=&#8221;{}&#8221;][et_pb_row _builder_version=&#8221;4.16&#8243; global_colors_info=&#8221;{}&#8221;][\/et_pb_row][\/et_pb_section][et_pb_section fb_built=&#8221;1&#8243; disabled_on=&#8221;on|on|off&#8221; _builder_version=&#8221;4.16&#8243; custom_padding=&#8221;50px|||||&#8221; global_colors_info=&#8221;{}&#8221;][et_pb_row _builder_version=&#8221;4.16&#8243; global_colors_info=&#8221;{}&#8221;][et_pb_column type=&#8221;4_4&#8243; _builder_version=&#8221;4.16&#8243; custom_padding=&#8221;|||&#8221; global_colors_info=&#8221;{}&#8221; custom_padding__hover=&#8221;|||&#8221;][et_pb_text _builder_version=&#8221;4.16&#8243; text_font=&#8221;Open Sans|300||on|||||&#8221; text_text_color=&#8221;#bca48c&#8221; text_letter_spacing=&#8221;10px&#8221; text_line_height=&#8221;1em&#8221; text_orientation=&#8221;center&#8221; custom_margin=&#8221;||10px&#8221; text_text_align=&#8221;center&#8221; global_colors_info=&#8221;{}&#8221;]<\/p>\n<p>Get to know our<\/p>\n<p>[\/et_pb_text][et_pb_text _builder_version=&#8221;4.16&#8243; text_font=&#8221;Open Sans|300||on|||||&#8221; text_font_size=&#8221;24px&#8221; header_font=&#8221;||||||||&#8221; header_2_font=&#8221;Cinzel||||||||&#8221; header_2_text_align=&#8221;center&#8221; header_2_text_color=&#8221;#002966&#8243; header_2_font_size=&#8221;46px&#8221; text_orientation=&#8221;right&#8221; text_text_align=&#8221;right&#8221; global_colors_info=&#8221;{}&#8221;]<\/p>\n<h2>wellness and spa &#8211; bolszewo, wejherowo<\/h2>\n<p>[\/et_pb_text][et_pb_text _builder_version=&#8221;4.16&#8243; text_font=&#8221;Titillium Web||||||||&#8221; text_orientation=&#8221;justify&#8221; custom_margin=&#8221;-20px||&#8221; text_text_align=&#8221;justify&#8221; global_colors_info=&#8221;{}&#8221;]<\/p>\n<p>Welcome to Victoria Relax &amp; Body Center site, which is a part of\u00a0 Hotel Victoria located near Tri-City. We offer rejuvenation and beauty treatments, as well as relaxation in our steam rooms and jacuzzi.<\/p>\n<p>Business guests, families with children, groups and wedding guests, will find a wide array of services that soothe both body and mind. If you are looking for a place to relax and unwind, our <a href=\"https:\/\/hotelvictoria.pl\/en\/spa-and-wellness\/\" title=\"Hotel SPA Kaszuby\">Hotel with SPA<\/a> is well worth considering \u2013 Kashubian region is a beautiful area, and the hotel offers a wide range of treatments and amenitites.<\/p>\n<p>[\/et_pb_text][\/et_pb_column][\/et_pb_row][\/et_pb_section][et_pb_section fb_built=&#8221;1&#8243; disabled_on=&#8221;off|off|on&#8221; _builder_version=&#8221;4.16&#8243; background_color=&#8221;rgba(255,255,255,0.8)&#8221; background_color_gradient_direction=&#8221;90deg&#8221; background_image=&#8221;https:\/\/hotelvictoria.pl\/wp-content\/uploads\/2019\/08\/spa-wellness-slider-mobile.jpg&#8221; custom_padding=&#8221;110px||110px||true|&#8221; global_colors_info=&#8221;{}&#8221;][\/et_pb_section][et_pb_section fb_built=&#8221;1&#8243; disabled_on=&#8221;off|off|on&#8221; _builder_version=&#8221;4.16&#8243; custom_padding=&#8221;49px||49px||true|&#8221; global_colors_info=&#8221;{}&#8221;][et_pb_row _builder_version=&#8221;4.16&#8243; global_colors_info=&#8221;{}&#8221;][et_pb_column type=&#8221;4_4&#8243; _builder_version=&#8221;4.16&#8243; custom_padding=&#8221;|||&#8221; global_colors_info=&#8221;{}&#8221; custom_padding__hover=&#8221;|||&#8221;][et_pb_text _builder_version=&#8221;4.16&#8243; text_font=&#8221;Open Sans|300||on|||||&#8221; text_text_color=&#8221;#bca48c&#8221; text_letter_spacing=&#8221;10px&#8221; text_line_height=&#8221;1em&#8221; text_orientation=&#8221;center&#8221; custom_margin=&#8221;||10px&#8221; text_text_align=&#8221;center&#8221; global_colors_info=&#8221;{}&#8221;]<\/p>\n<p>Get to know our<\/p>\n<p>[\/et_pb_text][et_pb_text _builder_version=&#8221;4.16&#8243; text_font=&#8221;Open Sans|300||on|||||&#8221; text_font_size=&#8221;24px&#8221; header_font=&#8221;||||||||&#8221; header_2_font=&#8221;Cinzel||||||||&#8221; header_2_text_align=&#8221;center&#8221; header_2_text_color=&#8221;#002966&#8243; header_2_font_size=&#8221;30px&#8221; text_orientation=&#8221;right&#8221; text_text_align=&#8221;right&#8221; global_colors_info=&#8221;{}&#8221;]<\/p>\n<h2>wellness and spa &#8211; bolszewo, wejherowo<\/h2>\n<p>[\/et_pb_text][et_pb_text _builder_version=&#8221;4.16&#8243; text_font=&#8221;Titillium Web||||||||&#8221; text_orientation=&#8221;justify&#8221; custom_margin=&#8221;-20px||&#8221; text_text_align=&#8221;justify&#8221; global_colors_info=&#8221;{}&#8221;]<\/p>\n<p>Welcome to Victoria Relax &amp; Body Center site, which is a part of\u00a0 Hotel Victoria located near Tri-City. We offer rejuvenation and beauty treatments, as well as relaxation in our steam rooms and jacuzzi.<\/p>\n<p>Business guests, families with children, groups and wedding guests, will find a wide array of services that soothe both body and mind. If you are looking for a place to relax and unwind, our <a href=\"https:\/\/hotelvictoria.pl\/en\/spa-and-wellness\/\" title=\"Hotel SPA Kaszuby\">Hotel with SPA<\/a> is well worth considering \u2013 Kashubian region is a beautiful area, and the hotel offers a wide range of treatments and amenitites.<\/p>\n<p>[\/et_pb_text][\/et_pb_column][\/et_pb_row][\/et_pb_section][et_pb_section fb_built=&#8221;1&#8243; disabled_on=&#8221;on|on|off&#8221; _builder_version=&#8221;4.16&#8243; background_color=&#8221;#f9f9f9&#8243; custom_padding=&#8221;49px||49px||true|&#8221; global_colors_info=&#8221;{}&#8221;][et_pb_row _builder_version=&#8221;4.16&#8243; global_colors_info=&#8221;{}&#8221;][et_pb_column type=&#8221;4_4&#8243; _builder_version=&#8221;4.16&#8243; custom_padding=&#8221;|||&#8221; global_colors_info=&#8221;{}&#8221; custom_padding__hover=&#8221;|||&#8221;][et_pb_text _builder_version=&#8221;4.16&#8243; text_font=&#8221;Open Sans|300||on|||||&#8221; text_text_color=&#8221;#bca48c&#8221; text_letter_spacing=&#8221;10px&#8221; text_line_height=&#8221;1em&#8221; text_orientation=&#8221;center&#8221; custom_margin=&#8221;||10px&#8221; text_text_align=&#8221;center&#8221; global_colors_info=&#8221;{}&#8221;]<\/p>\n<p>Our offer<\/p>\n<p>[\/et_pb_text][et_pb_text _builder_version=&#8221;4.16&#8243; text_font=&#8221;Open Sans|300||on|||||&#8221; text_font_size=&#8221;24px&#8221; header_font=&#8221;||||||||&#8221; header_2_font=&#8221;Cinzel||||||||&#8221; header_2_text_align=&#8221;center&#8221; header_2_text_color=&#8221;#002966&#8243; header_2_font_size=&#8221;35px&#8221; text_orientation=&#8221;right&#8221; header_2_font_tablet=&#8221;&#8221; header_2_font_phone=&#8221;&#8221; header_2_font_last_edited=&#8221;on|phone&#8221; text_text_align=&#8221;right&#8221; global_colors_info=&#8221;{}&#8221;]<\/p>\n<h2>Treatments and Enhancements:<\/h2>\n<p>[\/et_pb_text][et_pb_accordion _builder_version=&#8221;4.27.4&#8243; toggle_font=&#8221;Cinzel||||||||&#8221; toggle_font_size=&#8221;20px&#8221; body_font=&#8221;Titillium Web||||||||&#8221; global_colors_info=&#8221;{}&#8221;][et_pb_accordion_item title=&#8221;Massages&#8221; _builder_version=&#8221;4.27.4&#8243; global_colors_info=&#8221;{}&#8221; open=&#8221;on&#8221;]<\/p>\n<ul>\n<li><span style=\"font-family: Georgia, serif;\"><span style=\"font-size: large;\">Classic massage<\/span><\/span><\/li>\n<li><span style=\"font-family: Georgia, serif;\"><span style=\"font-size: large;\">Relaxing massage<\/span><\/span><\/li>\n<li><span style=\"font-family: Georgia, serif;\"><span style=\"font-size: large;\">Candle massage<\/span><\/span><\/li>\n<li><span style=\"font-family: Georgia, serif;\"><span style=\"font-size: large;\">Noustring massage with shea butter<\/span><\/span><\/li>\n<li><span style=\"font-family: Georgia, serif;\"><span style=\"font-size: large;\">Aromatherapy massage<\/span><\/span><\/li>\n<li><span style=\"font-family: Georgia, serif;\"><span style=\"font-size: large;\">Hot stones massage<\/span><\/span><\/li>\n<li><span style=\"font-family: Georgia, serif;\"><span style=\"font-size: large;\">Full body massage with or without peeling<\/span><\/span><\/li>\n<li><span style=\"font-family: Georgia, serif;\"><span style=\"font-size: large;\">Body peeling<\/span><\/span><\/li>\n<li><span style=\"font-family: Georgia, serif;\"><span style=\"font-size: large;\">Feet massage with peeling<\/span><\/span><\/li>\n<li><span style=\"font-family: Georgia, serif;\"><span style=\"font-size: large;\">Massage with hot chocolate<\/span><\/span><\/li>\n<\/ul>\n<p>[\/et_pb_accordion_item][et_pb_accordion_item title=&#8221;Hands and feet care&#8221; _builder_version=&#8221;4.18.0&#8243; global_colors_info=&#8221;{}&#8221; open=&#8221;off&#8221;]<\/p>\n<ul>\n<li>\n<p><span style=\"font-family: Georgia, serif;\"><span style=\"font-size: large;\">Classic manicure <\/span><\/span><\/p>\n<\/li>\n<\/ul>\n<ul>\n<li>\n<p><span style=\"font-family: Georgia, serif;\"><span style=\"font-size: large;\">Hybrid manicure <\/span><\/span><\/p>\n<\/li>\n<li>\n<p><span style=\"font-family: Georgia, serif;\"><span style=\"font-size: large;\">Japanese manicure <\/span><\/span><\/p>\n<\/li>\n<li>\n<p><span style=\"font-family: Georgia, serif;\"><span style=\"font-size: large;\">SPA manicure <\/span><\/span><\/p>\n<\/li>\n<li>\n<p><span style=\"font-family: Georgia, serif;\"><span style=\"font-size: large;\">Gel nail extension \/ filling <\/span><\/span><\/p>\n<\/li>\n<li>\n<p><span style=\"font-family: Georgia, serif;\"><span style=\"font-size: large;\">Classic pedicure <\/span><\/span><\/p>\n<\/li>\n<li>\n<p><span style=\"font-family: Georgia, serif;\"><span style=\"font-size: large;\">Hybrid pedicure <\/span><\/span><\/p>\n<\/li>\n<li>\n<p><span style=\"font-family: Georgia, serif;\"><span style=\"font-size: large;\">Spa pedicure <\/span><\/span><\/p>\n<\/li>\n<li>\n<p><span style=\"font-family: Georgia, serif;\"><span style=\"font-size: large;\">Foot care <\/span><\/span><\/p>\n<\/li>\n<li>\n<p><span style=\"font-family: Georgia, serif;\"><span style=\"font-size: large;\">Paraffin for hands \/ feet <\/span><\/span><\/p>\n<\/li>\n<li>\n<p><span style=\"font-family: Georgia, serif;\"><span style=\"font-size: large;\">Nail painting <\/span><\/span><\/p>\n<\/li>\n<\/ul>\n<p>[\/et_pb_accordion_item][et_pb_accordion_item title=&#8221;Another care&#8221; _builder_version=&#8221;4.18.0&#8243; global_colors_info=&#8221;{}&#8221; open=&#8221;off&#8221;]<\/p>\n<ul>\n<li>\n<p><span style=\"font-family: Georgia, serif;\"><span style=\"font-size: large;\">Full legs\/calves\/face\/hands\/bikini depilation<\/span><\/span><\/p>\n<\/li>\n<li>\n<p><span style=\"font-family: Georgia, serif;\"><span style=\"font-size: large;\">Eyelashes henna <\/span><\/span><\/p>\n<\/li>\n<li>\n<p><span style=\"font-family: Georgia, serif;\"><span style=\"font-size: large;\">Eyebrows henna with regulation or without <\/span><\/span><\/p>\n<\/li>\n<li>\n<p><span style=\"font-family: Georgia, serif;\"><span style=\"font-size: large;\">Eyebrows regulation<\/span><\/span><\/p>\n<\/li>\n<\/ul>\n<p>[\/et_pb_accordion_item][\/et_pb_accordion][\/et_pb_column][\/et_pb_row][\/et_pb_section][et_pb_section fb_built=&#8221;1&#8243; disabled_on=&#8221;off|off|off&#8221; _builder_version=&#8221;4.16&#8243; background_color=&#8221;#f7f7f7&#8243; custom_padding=&#8221;49px||49px||true|&#8221; global_colors_info=&#8221;{}&#8221;][et_pb_row _builder_version=&#8221;4.16&#8243; global_colors_info=&#8221;{}&#8221;][et_pb_column type=&#8221;4_4&#8243; _builder_version=&#8221;4.16&#8243; custom_padding=&#8221;|||&#8221; global_colors_info=&#8221;{}&#8221; custom_padding__hover=&#8221;|||&#8221;][et_pb_text _builder_version=&#8221;4.16&#8243; text_font=&#8221;Open Sans|300||on|||||&#8221; text_text_color=&#8221;#bca48c&#8221; text_letter_spacing=&#8221;10px&#8221; text_line_height=&#8221;1em&#8221; text_orientation=&#8221;center&#8221; custom_margin=&#8221;||10px&#8221; text_text_align=&#8221;center&#8221; global_colors_info=&#8221;{}&#8221;]special offer[\/et_pb_text][et_pb_text _builder_version=&#8221;4.16&#8243; text_font=&#8221;Open Sans|300||on|||||&#8221; text_font_size=&#8221;24px&#8221; header_font=&#8221;||||||||&#8221; header_2_font=&#8221;Cinzel||||||||&#8221; header_2_text_align=&#8221;center&#8221; header_2_text_color=&#8221;#002966&#8243; header_2_font_size=&#8221;46px&#8221; text_orientation=&#8221;right&#8221; text_text_align=&#8221;right&#8221; global_colors_info=&#8221;{}&#8221;]<\/p>\n<h2>day spa packages<\/h2>\n<p>[\/et_pb_text][et_pb_text _builder_version=&#8221;4.27.4&#8243; text_font=&#8221;Titillium Web||||||||&#8221; text_orientation=&#8221;justify&#8221; custom_margin=&#8221;-20px||&#8221; hover_enabled=&#8221;0&#8243; text_text_align=&#8221;justify&#8221; global_colors_info=&#8221;{}&#8221; sticky_enabled=&#8221;0&#8243;]<\/p>\n<p><span style=\"font-family: Georgia, serif;\"><span style=\"font-size: large;\"><b>Stadard package:<\/b><\/span><\/span><\/p>\n<ul>\n<li><span style=\"font-family: Georgia, serif;\"><span style=\"font-size: large;\">Relaxing body massage<\/span><\/span><\/li>\n<li><span style=\"font-family: Georgia, serif;\"><span style=\"font-size: large;\">SPA manicure<\/span><\/span><\/li>\n<\/ul>\n<p><span style=\"font-family: Georgia, serif;\"><span style=\"font-size: large;\"><b>Senior package:<\/b><\/span><\/span><\/p>\n<ul>\n<li><span style=\"font-family: Georgia, serif; font-size: large;\">Full body candle or chocolate massage<\/span><\/li>\n<li><span style=\"font-family: Georgia, serif;\"><span style=\"font-size: large;\">Facial massage<\/span><\/span><\/li>\n<li><span style=\"font-family: Georgia, serif;\"><span style=\"font-size: large;\">SPA pedicure<\/span><\/span><\/li>\n<\/ul>\n<p><span style=\"font-family: Georgia, serif;\"><span style=\"font-size: large;\"><b>For men:<\/b><\/span><\/span><\/p>\n<ul>\n<li>\n<p align=\"justify\"><span style=\"font-family: Georgia, serif; font-size: large;\">Full body candle or chocolate massage<\/span><\/p>\n<\/li>\n<li>\n<p align=\"justify\"><span style=\"font-family: Georgia, serif; font-size: large;\">Facial massage<\/span><\/p>\n<\/li>\n<li>\n<p align=\"justify\"><span style=\"font-family: Georgia, serif;\"><span style=\"font-size: large;\">Manicure for men<\/span><\/span><\/p>\n<\/li>\n<\/ul>\n<p align=\"justify\"><span style=\"font-family: Georgia, serif;\"><span style=\"font-size: large;\"><b>Harmony and cleansing:<\/b><\/span><\/span><\/p>\n<ul>\n<li>\n<p align=\"justify\"><span style=\"font-family: Georgia, serif; font-size: large;\">Facial massage<\/span><\/p>\n<\/li>\n<li>\n<p align=\"justify\"><span style=\"font-family: Georgia, serif;\"><span style=\"font-size: large;\">Whole body peeling<\/span><\/span><\/p>\n<\/li>\n<li>\n<p align=\"justify\"><span style=\"font-family: Georgia, serif;\"><span style=\"font-size: large;\">Full body classic massage<\/span><\/span><\/p>\n<\/li>\n<li><span style=\"font-family: Georgia, serif;\"><span style=\"font-size: large;\">Hybrid maniucure<\/span><\/span><\/li>\n<\/ul>\n<p align=\"justify\"><span style=\"font-family: Georgia, serif;\"><span style=\"font-size: large;\"><b>Japanese relax:<\/b><\/span><\/span><\/p>\n<ul>\n<li>\n<p align=\"justify\"><span style=\"font-family: Georgia, serif; font-size: large;\">Feet Massage with peeling<\/span><\/p>\n<\/li>\n<li>\n<p align=\"justify\"><span style=\"font-family: Georgia, serif;\"><span style=\"font-size: large;\">Clasic face massage with a mask<\/span><\/span><\/p>\n<\/li>\n<li>\n<p align=\"justify\"><span style=\"font-family: Georgia, serif;\"><span style=\"font-size: large;\">Japanese manicure<\/span><\/span><\/p>\n<\/li>\n<\/ul>\n<p>[\/et_pb_text][\/et_pb_column][\/et_pb_row][\/et_pb_section][et_pb_section fb_built=&#8221;1&#8243; _builder_version=&#8221;4.16&#8243; background_color=&#8221;#ffffff&#8221; custom_padding=&#8221;0px||0px||true|&#8221; saved_tabs=&#8221;all&#8221; global_colors_info=&#8221;{}&#8221;][et_pb_row column_structure=&#8221;3_5,2_5&#8243; disabled_on=&#8221;on|on|off&#8221; _builder_version=&#8221;4.16&#8243; custom_margin=&#8221;|auto|8px|auto||&#8221; custom_padding=&#8221;25px||0px||false|&#8221; global_colors_info=&#8221;{}&#8221;][et_pb_column type=&#8221;3_5&#8243; _builder_version=&#8221;4.16&#8243; custom_padding=&#8221;|||&#8221; global_colors_info=&#8221;{}&#8221; custom_padding__hover=&#8221;|||&#8221;][et_pb_text _builder_version=&#8221;4.16&#8243; text_font=&#8221;Open Sans|300||on|||||&#8221; text_text_color=&#8221;#bca48c&#8221; text_letter_spacing=&#8221;10px&#8221; text_line_height=&#8221;1em&#8221; custom_margin=&#8221;||10px&#8221; text_text_align=&#8221;left&#8221; global_colors_info=&#8221;{}&#8221;]<\/p>\n<p>Ju\u017c teraz<\/p>\n<p>[\/et_pb_text][et_pb_text _builder_version=&#8221;4.16&#8243; text_font=&#8221;Open Sans|300||on|||||&#8221; text_font_size=&#8221;24px&#8221; header_font=&#8221;||||||||&#8221; header_text_align=&#8221;left&#8221; header_2_font=&#8221;Cinzel||||||||&#8221; header_2_text_align=&#8221;left&#8221; header_2_text_color=&#8221;#002966&#8243; header_2_font_size=&#8221;40px&#8221; text_orientation=&#8221;right&#8221; custom_margin=&#8221;||10px|||&#8221; text_text_align=&#8221;right&#8221; global_colors_info=&#8221;{}&#8221;]<\/p>\n<h2>Dokonaj rezerwacji<\/h2>\n<p>[\/et_pb_text][\/et_pb_column][et_pb_column type=&#8221;2_5&#8243; _builder_version=&#8221;4.16&#8243; custom_padding=&#8221;|||&#8221; global_colors_info=&#8221;{}&#8221; custom_padding__hover=&#8221;|||&#8221;][et_pb_button button_url=&#8221;https:\/\/hotelvictoria.pl\/rezerwacja\/&#8221; button_text=&#8221;Zarezerwuj sw\u00f3j pobyt&#8221; button_alignment=&#8221;center&#8221; _builder_version=&#8221;4.16&#8243; custom_button=&#8221;on&#8221; button_text_size=&#8221;24px&#8221; button_text_color=&#8221;#002563&#8243; button_border_color=&#8221;#002563&#8243; button_border_radius=&#8221;0px&#8221; button_font=&#8221;||||||||&#8221; button_icon=&#8221;&#xe025;||divi||400&#8243; button_on_hover=&#8221;off&#8221; custom_margin=&#8221;||&#8221; custom_padding=&#8221;||&#8221; global_colors_info=&#8221;{}&#8221;][\/et_pb_button][\/et_pb_column][\/et_pb_row][\/et_pb_section]<\/p>\n","protected":false},"excerpt":{"rendered":"<p>Get to know our wellness and spa &#8211; bolszewo, wejherowoWelcome to Victoria Relax &amp; Body Center site, which is a part of\u00a0 Hotel Victoria located near Tri-City. We offer rejuvenation and beauty treatments, as well as relaxation in our steam rooms and jacuzzi. Business guests, families with children, groups and wedding guests, will find a [&hellip;]<\/p>\n","protected":false},"author":1,"featured_media":0,"parent":0,"menu_order":0,"comment_status":"closed","ping_status":"closed","template":"","meta":{"_et_pb_use_builder":"on","_et_pb_old_content":"","_et_gb_content_width":"","footnotes":""},"class_list":["post-4526","page","type-page","status-publish","placeholder-for-hentry"],"yoast_head":"<!-- This site is optimized with the Yoast SEO plugin v24.0 - https:\/\/yoast.com\/wordpress\/plugins\/seo\/ -->\n<title>Hotel Spa, zabiegi, gabinet Wellness i SPA - Wejherowo, Bolszewo | Hotel Victoria<\/title>\n<meta name=\"description\" content=\"Hotel Victoria w Bolszewie na Kaszubach to miejsce, gdzie do\u015bwiadczysz prawdziwego odpr\u0119\u017cenia i relaksu w naszym SPA. Posiadamy wykwalifikowany personel, kt\u00f3ry zaoferuje Pa\u0144stwu szeroki wahlarz us\u0142ug i zabieg\u00f3w.\" \/>\n<meta name=\"robots\" content=\"index, follow, max-snippet:-1, max-image-preview:large, max-video-preview:-1\" \/>\n<link rel=\"canonical\" href=\"https:\/\/hotelvictoria.pl\/spa-i-wellness\/\" \/>\n<meta property=\"og:locale\" content=\"en_US\" \/>\n<meta property=\"og:type\" content=\"article\" \/>\n<meta property=\"og:title\" content=\"Hotel Spa, zabiegi, gabinet Wellness i SPA - Wejherowo, Bolszewo | Hotel Victoria\" \/>\n<meta property=\"og:description\" content=\"Hotel Victoria w Bolszewie na Kaszubach to miejsce, gdzie do\u015bwiadczysz prawdziwego odpr\u0119\u017cenia i relaksu w naszym SPA. Posiadamy wykwalifikowany personel, kt\u00f3ry zaoferuje Pa\u0144stwu szeroki wahlarz us\u0142ug i zabieg\u00f3w.\" \/>\n<meta property=\"og:url\" content=\"https:\/\/hotelvictoria.pl\/spa-i-wellness\/\" \/>\n<meta property=\"og:site_name\" content=\"Hotel Victoria Bolszewo, Wejherowo\" \/>\n<meta property=\"article:modified_time\" content=\"2026-04-03T14:34:18+00:00\" \/>\n<meta name=\"twitter:card\" content=\"summary_large_image\" \/>\n<meta name=\"twitter:label1\" content=\"Est. reading time\" \/>\n\t<meta name=\"twitter:data1\" content=\"7 minutes\" \/>\n<script type=\"application\/ld+json\" class=\"yoast-schema-graph\">{\"@context\":\"https:\/\/schema.org\",\"@graph\":[{\"@type\":\"WebPage\",\"@id\":\"https:\/\/hotelvictoria.pl\/spa-i-wellness\/\",\"url\":\"https:\/\/hotelvictoria.pl\/spa-i-wellness\/\",\"name\":\"Hotel Spa, zabiegi, gabinet Wellness i SPA - Wejherowo, Bolszewo | Hotel Victoria\",\"isPartOf\":{\"@id\":\"https:\/\/hotelvictoria.pl\/#website\"},\"datePublished\":\"2021-09-29T21:58:48+00:00\",\"dateModified\":\"2026-04-03T14:34:18+00:00\",\"description\":\"Hotel Victoria w Bolszewie na Kaszubach to miejsce, gdzie do\u015bwiadczysz prawdziwego odpr\u0119\u017cenia i relaksu w naszym SPA. Posiadamy wykwalifikowany personel, kt\u00f3ry zaoferuje Pa\u0144stwu szeroki wahlarz us\u0142ug i zabieg\u00f3w.\",\"breadcrumb\":{\"@id\":\"https:\/\/hotelvictoria.pl\/spa-i-wellness\/#breadcrumb\"},\"inLanguage\":\"en-US\",\"potentialAction\":[{\"@type\":\"ReadAction\",\"target\":[\"https:\/\/hotelvictoria.pl\/spa-i-wellness\/\"]}]},{\"@type\":\"BreadcrumbList\",\"@id\":\"https:\/\/hotelvictoria.pl\/spa-i-wellness\/#breadcrumb\",\"itemListElement\":[{\"@type\":\"ListItem\",\"position\":1,\"name\":\"Strona g\u0142\u00f3wna\",\"item\":\"https:\/\/hotelvictoria.pl\/\"},{\"@type\":\"ListItem\",\"position\":2,\"name\":\"Spa and wellness\"}]},{\"@type\":\"WebSite\",\"@id\":\"https:\/\/hotelvictoria.pl\/#website\",\"url\":\"https:\/\/hotelvictoria.pl\/\",\"name\":\"Hotel Victoria Bolszewo, Wejherowo\",\"description\":\"Kolejna witryna WordPress\",\"potentialAction\":[{\"@type\":\"SearchAction\",\"target\":{\"@type\":\"EntryPoint\",\"urlTemplate\":\"https:\/\/hotelvictoria.pl\/?s={search_term_string}\"},\"query-input\":{\"@type\":\"PropertyValueSpecification\",\"valueRequired\":true,\"valueName\":\"search_term_string\"}}],\"inLanguage\":\"en-US\"}]}<\/script>\n<!-- \/ Yoast SEO plugin. -->","yoast_head_json":{"title":"Hotel Spa, zabiegi, gabinet Wellness i SPA - Wejherowo, Bolszewo | Hotel Victoria","description":"Hotel Victoria w Bolszewie na Kaszubach to miejsce, gdzie do\u015bwiadczysz prawdziwego odpr\u0119\u017cenia i relaksu w naszym SPA. Posiadamy wykwalifikowany personel, kt\u00f3ry zaoferuje Pa\u0144stwu szeroki wahlarz us\u0142ug i zabieg\u00f3w.","robots":{"index":"index","follow":"follow","max-snippet":"max-snippet:-1","max-image-preview":"max-image-preview:large","max-video-preview":"max-video-preview:-1"},"canonical":"https:\/\/hotelvictoria.pl\/spa-i-wellness\/","og_locale":"en_US","og_type":"article","og_title":"Hotel Spa, zabiegi, gabinet Wellness i SPA - Wejherowo, Bolszewo | Hotel Victoria","og_description":"Hotel Victoria w Bolszewie na Kaszubach to miejsce, gdzie do\u015bwiadczysz prawdziwego odpr\u0119\u017cenia i relaksu w naszym SPA. Posiadamy wykwalifikowany personel, kt\u00f3ry zaoferuje Pa\u0144stwu szeroki wahlarz us\u0142ug i zabieg\u00f3w.","og_url":"https:\/\/hotelvictoria.pl\/spa-i-wellness\/","og_site_name":"Hotel Victoria Bolszewo, Wejherowo","article_modified_time":"2026-04-03T14:34:18+00:00","twitter_card":"summary_large_image","twitter_misc":{"Est. reading time":"7 minutes"},"schema":{"@context":"https:\/\/schema.org","@graph":[{"@type":"WebPage","@id":"https:\/\/hotelvictoria.pl\/spa-i-wellness\/","url":"https:\/\/hotelvictoria.pl\/spa-i-wellness\/","name":"Hotel Spa, zabiegi, gabinet Wellness i SPA - Wejherowo, Bolszewo | Hotel Victoria","isPartOf":{"@id":"https:\/\/hotelvictoria.pl\/#website"},"datePublished":"2021-09-29T21:58:48+00:00","dateModified":"2026-04-03T14:34:18+00:00","description":"Hotel Victoria w Bolszewie na Kaszubach to miejsce, gdzie do\u015bwiadczysz prawdziwego odpr\u0119\u017cenia i relaksu w naszym SPA. Posiadamy wykwalifikowany personel, kt\u00f3ry zaoferuje Pa\u0144stwu szeroki wahlarz us\u0142ug i zabieg\u00f3w.","breadcrumb":{"@id":"https:\/\/hotelvictoria.pl\/spa-i-wellness\/#breadcrumb"},"inLanguage":"en-US","potentialAction":[{"@type":"ReadAction","target":["https:\/\/hotelvictoria.pl\/spa-i-wellness\/"]}]},{"@type":"BreadcrumbList","@id":"https:\/\/hotelvictoria.pl\/spa-i-wellness\/#breadcrumb","itemListElement":[{"@type":"ListItem","position":1,"name":"Strona g\u0142\u00f3wna","item":"https:\/\/hotelvictoria.pl\/"},{"@type":"ListItem","position":2,"name":"Spa and wellness"}]},{"@type":"WebSite","@id":"https:\/\/hotelvictoria.pl\/#website","url":"https:\/\/hotelvictoria.pl\/","name":"Hotel Victoria Bolszewo, Wejherowo","description":"Kolejna witryna WordPress","potentialAction":[{"@type":"SearchAction","target":{"@type":"EntryPoint","urlTemplate":"https:\/\/hotelvictoria.pl\/?s={search_term_string}"},"query-input":{"@type":"PropertyValueSpecification","valueRequired":true,"valueName":"search_term_string"}}],"inLanguage":"en-US"}]}},"_links":{"self":[{"href":"https:\/\/hotelvictoria.pl\/en\/wp-json\/wp\/v2\/pages\/4526","targetHints":{"allow":["GET"]}}],"collection":[{"href":"https:\/\/hotelvictoria.pl\/en\/wp-json\/wp\/v2\/pages"}],"about":[{"href":"https:\/\/hotelvictoria.pl\/en\/wp-json\/wp\/v2\/types\/page"}],"author":[{"embeddable":true,"href":"https:\/\/hotelvictoria.pl\/en\/wp-json\/wp\/v2\/users\/1"}],"replies":[{"embeddable":true,"href":"https:\/\/hotelvictoria.pl\/en\/wp-json\/wp\/v2\/comments?post=4526"}],"version-history":[{"count":18,"href":"https:\/\/hotelvictoria.pl\/en\/wp-json\/wp\/v2\/pages\/4526\/revisions"}],"predecessor-version":[{"id":6757,"href":"https:\/\/hotelvictoria.pl\/en\/wp-json\/wp\/v2\/pages\/4526\/revisions\/6757"}],"wp:attachment":[{"href":"https:\/\/hotelvictoria.pl\/en\/wp-json\/wp\/v2\/media?parent=4526"}],"curies":[{"name":"wp","href":"https:\/\/api.w.org\/{rel}","templated":true}]}}